{"id":494,"date":"2023-09-07T23:46:49","date_gmt":"2023-09-07T21:46:49","guid":{"rendered":"https:\/\/rfa-stores.ch\/?page_id=494"},"modified":"2023-09-08T00:42:42","modified_gmt":"2023-09-07T22:42:42","slug":"conditions-generales","status":"publish","type":"page","link":"https:\/\/rfa-stores.ch\/index.php\/conditions-generales\/","title":{"rendered":"Conditions g\u00e9n\u00e9rales"},"content":{"rendered":"\t\t<div data-elementor-type=\"wp-page\" data-elementor-id=\"494\" class=\"elementor elementor-494\" data-elementor-post-type=\"page\">\n\t\t\t\t\t\t\t\t\t<section class=\"elementor-section elementor-top-section elementor-element elementor-element-ac0e30b elementor-section-boxed elementor-section-height-default elementor-section-height-default\" data-id=\"ac0e30b\" data-element_type=\"section\">\n\t\t\t\t\t\t<div class=\"elementor-container elementor-column-gap-default\">\n\t\t\t\t\t<div class=\"elementor-column elementor-col-100 elementor-top-column elementor-element elementor-element-673b7a7\" data-id=\"673b7a7\" data-element_type=\"column\">\n\t\t\t<div class=\"elementor-widget-wrap\">\n\t\t\t\t\t\t\t\t\t<\/div>\n\t\t<\/div>\n\t\t\t\t\t\t\t<\/div>\n\t\t<\/section>\n\t\t\t\t<section class=\"elementor-section elementor-top-section elementor-element elementor-element-38dda44 elementor-section-boxed elementor-section-height-default elementor-section-height-default\" data-id=\"38dda44\" data-element_type=\"section\">\n\t\t\t\t\t\t<div class=\"elementor-container elementor-column-gap-default\">\n\t\t\t\t\t<div class=\"elementor-column elementor-col-33 elementor-top-column elementor-element elementor-element-90173d7\" data-id=\"90173d7\" data-element_type=\"column\">\n\t\t\t<div class=\"elementor-widget-wrap elementor-element-populated\">\n\t\t\t\t\t\t\t\t<div class=\"elementor-element elementor-element-b738464 elementor-widget elementor-widget-heading\" data-id=\"b738464\" data-element_type=\"widget\" data-widget_type=\"heading.default\">\n\t\t\t\t<div class=\"elementor-widget-container\">\n\t\t\t<style>\/*! elementor - v3.15.0 - 20-08-2023 *\/\n.elementor-heading-title{padding:0;margin:0;line-height:1}.elementor-widget-heading .elementor-heading-title[class*=elementor-size-]>a{color:inherit;font-size:inherit;line-height:inherit}.elementor-widget-heading .elementor-heading-title.elementor-size-small{font-size:15px}.elementor-widget-heading .elementor-heading-title.elementor-size-medium{font-size:19px}.elementor-widget-heading .elementor-heading-title.elementor-size-large{font-size:29px}.elementor-widget-heading .elementor-heading-title.elementor-size-xl{font-size:39px}.elementor-widget-heading .elementor-heading-title.elementor-size-xxl{font-size:59px}<\/style><h3 class=\"elementor-heading-title elementor-size-default\">Conditions g\u00e9n\u00e9rales<\/h3>\t\t<\/div>\n\t\t\t\t<\/div>\n\t\t\t\t\t<\/div>\n\t\t<\/div>\n\t\t\t\t<div class=\"elementor-column elementor-col-66 elementor-top-column elementor-element elementor-element-336aff5\" data-id=\"336aff5\" data-element_type=\"column\">\n\t\t\t<div class=\"elementor-widget-wrap elementor-element-populated\">\n\t\t\t\t\t\t\t\t<div class=\"elementor-element elementor-element-01c5bb8 elementor-widget__width-initial elementor-widget elementor-widget-text-editor\" data-id=\"01c5bb8\" data-element_type=\"widget\" data-widget_type=\"text-editor.default\">\n\t\t\t\t<div class=\"elementor-widget-container\">\n\t\t\t<style>\/*! elementor - v3.15.0 - 20-08-2023 *\/\n.elementor-widget-text-editor.elementor-drop-cap-view-stacked .elementor-drop-cap{background-color:#69727d;color:#fff}.elementor-widget-text-editor.elementor-drop-cap-view-framed .elementor-drop-cap{color:#69727d;border:3px solid;background-color:transparent}.elementor-widget-text-editor:not(.elementor-drop-cap-view-default) .elementor-drop-cap{margin-top:8px}.elementor-widget-text-editor:not(.elementor-drop-cap-view-default) .elementor-drop-cap-letter{width:1em;height:1em}.elementor-widget-text-editor .elementor-drop-cap{float:left;text-align:center;line-height:1;font-size:50px}.elementor-widget-text-editor .elementor-drop-cap-letter{display:inline-block}<\/style>\t\t\t\t<div class=\"column mcb-column mcb-item-ijkl9kazi one tablet-one mobile-one column_heading\"><div class=\"mcb-column-inner mcb-column-inner-ijkl9kazi mcb-item-heading-inner\"><h3 class=\"title\">Conditions g\u00e9n\u00e9rales d\u2019utilisation du site web<\/h3><\/div><\/div><div class=\"column mcb-column mcb-item-29fhpgs one tablet-one mobile-one column_column\"><div class=\"mcb-column-inner mcb-column-inner-29fhpgs mcb-item-column-inner\"><div class=\"column_attr mfn-inline-editor clearfix\"><ol><li><p><strong>Acceptation des conditions<\/strong><br \/>L\u2019utilisation de ce site web est soumise \u00e0 l\u2019acceptation des pr\u00e9sentes conditions g\u00e9n\u00e9rales. En acc\u00e9dant et en utilisant ce site, vous acceptez d\u2019\u00eatre li\u00e9(e) par ces conditions.<\/p><\/li><li><p><strong>Utilisation autoris\u00e9e<\/strong><br \/>Ce site web est destin\u00e9 \u00e0 un usage personnel et non commercial. Vous acceptez de ne pas utiliser ce site \u00e0 des fins ill\u00e9gales, de violer les droits d\u2019autrui, de diffuser des contenus offensants ou de perturber le fonctionnement du site.<\/p><\/li><li><p><strong>Propri\u00e9t\u00e9 intellectuelle<\/strong><br \/>Tous les contenus pr\u00e9sents sur ce site, tels que textes, images, logos, marques, etc., sont la propri\u00e9t\u00e9 intellectuelle de l\u2019entreprise ou de ses d\u00e9tenteurs de droits respectifs. Vous vous engagez \u00e0 respecter ces droits et \u00e0 ne pas reproduire, modifier, distribuer ou exploiter ces contenus sans autorisation pr\u00e9alable.<\/p><\/li><li><p><strong>Liens vers des sites tiers<\/strong><br \/>Ce site peut contenir des liens vers des sites web tiers. Ces liens sont fournis uniquement \u00e0 titre de commodit\u00e9 et n\u2019impliquent pas notre approbation ou notre responsabilit\u00e9 quant au contenu de ces sites. L\u2019acc\u00e8s \u00e0 ces sites tiers se fait \u00e0 vos propres risques.<\/p><\/li><li><p><strong>Limitation de responsabilit\u00e9<\/strong><br \/>Nous nous effor\u00e7ons de fournir des informations pr\u00e9cises et \u00e0 jour sur ce site. Cependant, nous ne garantissons pas l\u2019exactitude, l\u2019exhaustivit\u00e9 ou la pertinence des informations fournies. Nous d\u00e9clinons toute responsabilit\u00e9 quant aux erreurs, omissions ou dommages r\u00e9sultant de l\u2019utilisation de ce site.<\/p><\/li><li><p><strong>Protection des donn\u00e9es<\/strong><br \/>personnelles Nous attachons une grande importance \u00e0 la protection de vos donn\u00e9es personnelles. Veuillez consulter notre\u00a0<a href=\"https:\/\/rfa-stores.ch\/index.php\/politique-de-confidentialite\">politique de confidentialit\u00e9<\/a>\u00a0pour comprendre comment nous collectons, utilisons et prot\u00e9geons vos donn\u00e9es.<\/p><\/li><li><p><strong>Modifications des conditions g\u00e9n\u00e9rales<\/strong><br \/>Nous nous r\u00e9servons le droit de modifier ces conditions g\u00e9n\u00e9rales \u00e0 tout moment et sans pr\u00e9avis. Les modifications prendront effet d\u00e8s leur publication sur ce site. Nous vous recommandons de consulter r\u00e9guli\u00e8rement cette page pour rester inform\u00e9(e) des \u00e9ventuelles mises \u00e0 jour.<\/p><\/li><li><p><strong>Droit applicable et juridiction comp\u00e9tente<\/strong><br \/>Ces conditions g\u00e9n\u00e9rales sont r\u00e9gies par les lois Suisse et tout litige relatif \u00e0 ce site web sera soumis \u00e0 la juridiction exclusive des tribunaux Suisse.<\/p><\/li><\/ol><\/div><\/div><\/div>\t\t\t\t\t\t<\/div>\n\t\t\t\t<\/div>\n\t\t\t\t\t<\/div>\n\t\t<\/div>\n\t\t\t\t\t\t\t<\/div>\n\t\t<\/section>\n\t\t\t\t\t\t\t<\/div>\n\t\t","protected":false},"excerpt":{"rendered":"<p>Conditions g\u00e9n\u00e9rales Conditions g\u00e9n\u00e9rales d\u2019utilisation du site web Acceptation des conditionsL\u2019utilisation de ce site web est soumise \u00e0 l\u2019acceptation des pr\u00e9sentes conditions g\u00e9n\u00e9rales. En acc\u00e9dant et<span class=\"excerpt-hellip\"> [\u2026]<\/span><\/p>\n","protected":false},"author":1,"featured_media":0,"parent":0,"menu_order":0,"comment_status":"closed","ping_status":"closed","template":"","meta":{"footnotes":""},"class_list":["post-494","page","type-page","status-publish","hentry"],"_links":{"self":[{"href":"https:\/\/rfa-stores.ch\/index.php\/wp-json\/wp\/v2\/pages\/494","targetHints":{"allow":["GET"]}}],"collection":[{"href":"https:\/\/rfa-stores.ch\/index.php\/wp-json\/wp\/v2\/pages"}],"about":[{"href":"https:\/\/rfa-stores.ch\/index.php\/wp-json\/wp\/v2\/types\/page"}],"author":[{"embeddable":true,"href":"https:\/\/rfa-stores.ch\/index.php\/wp-json\/wp\/v2\/users\/1"}],"replies":[{"embeddable":true,"href":"https:\/\/rfa-stores.ch\/index.php\/wp-json\/wp\/v2\/comments?post=494"}],"version-history":[{"count":8,"href":"https:\/\/rfa-stores.ch\/index.php\/wp-json\/wp\/v2\/pages\/494\/revisions"}],"predecessor-version":[{"id":517,"href":"https:\/\/rfa-stores.ch\/index.php\/wp-json\/wp\/v2\/pages\/494\/revisions\/517"}],"wp:attachment":[{"href":"https:\/\/rfa-stores.ch\/index.php\/wp-json\/wp\/v2\/media?parent=494"}],"curies":[{"name":"wp","href":"https:\/\/api.w.org\/{rel}","templated":true}]}}